{"id":1437,"date":"2025-04-10T12:49:12","date_gmt":"2025-04-10T12:49:12","guid":{"rendered":"https:\/\/crehabitat-solutions.com\/?page_id=1437"},"modified":"2025-04-23T14:57:02","modified_gmt":"2025-04-23T14:57:02","slug":"notre-histoire-ma-passion","status":"publish","type":"page","link":"https:\/\/crehabitat-solutions.com\/en\/notre-histoire-ma-passion\/","title":{"rendered":"Our Story, My Passion"},"content":{"rendered":"<div data-elementor-type=\"wp-page\" data-elementor-id=\"1437\" class=\"elementor elementor-1437\">\n\t\t\t\t<div class=\"elementor-element elementor-element-7316d1c0 e-con-full e-flex e-con e-parent\" data-id=\"7316d1c0\" data-element_type=\"container\">\n\t\t<div class=\"elementor-element elementor-element-56eaae43 e-con-full e-flex e-con e-child\" data-id=\"56eaae43\" data-element_type=\"container\" data-settings=\"{&quot;background_background&quot;:&quot;classic&quot;}\">\n\t\t<div class=\"elementor-element elementor-element-222db826 e-flex e-con-boxed e-con e-child\" data-id=\"222db826\" data-element_type=\"container\" data-settings=\"{&quot;background_background&quot;:&quot;classic&quot;}\">\n\t\t\t\t\t<div class=\"e-con-inner\">\n\t\t\t\t<div class=\"elementor-element elementor-element-77275d37 elementor-widget elementor-widget-heading\" data-id=\"77275d37\" data-element_type=\"widget\" data-widget_type=\"heading.default\">\n\t\t\t\t<div class=\"elementor-widget-container\">\n\t\t\t\t\t<h2 class=\"elementor-heading-title elementor-size-default\">Our Story, My Passion<\/h2>\t\t\t\t<\/div>\n\t\t\t\t<\/div>\n\t\t\t\t\t<\/div>\n\t\t\t\t<\/div>\n\t\t\t\t<\/div>\n\t\t\t\t<\/div>\n\t\t<div class=\"elementor-element elementor-element-9aaa5aa e-flex e-con-boxed e-con e-parent\" data-id=\"9aaa5aa\" data-element_type=\"container\">\n\t\t\t\t\t<div class=\"e-con-inner\">\n\t\t<div class=\"elementor-element elementor-element-8631b11 e-con-full e-flex elementor-invisible e-con e-child\" data-id=\"8631b11\" data-element_type=\"container\" data-settings=\"{&quot;animation&quot;:&quot;fadeInRight&quot;}\">\n\t\t\t\t<div class=\"elementor-element elementor-element-b63d59c elementor-widget elementor-widget-heading\" data-id=\"b63d59c\" data-element_type=\"widget\" data-widget_type=\"heading.default\">\n\t\t\t\t<div class=\"elementor-widget-container\">\n\t\t\t\t\t<h2 class=\"elementor-heading-title elementor-size-default\">Sefa GUN<\/h2>\t\t\t\t<\/div>\n\t\t\t\t<\/div>\n\t\t\t\t<div class=\"elementor-element elementor-element-c68659e elementor-widget elementor-widget-text-editor\" data-id=\"c68659e\" data-element_type=\"widget\" data-widget_type=\"text-editor.default\">\n\t\t\t\t<div class=\"elementor-widget-container\">\n\t\t\t\t\t\t\t\t\t<p>My name is Sefa GUN, and I've always been passionate about transforming spaces and bringing unique projects to life. This craft was passed on to me by my father, along with values of quality, practicality, and durability. Today, I\u2019m involved in every step: I design, suggest layout ideas, and personally supervise work on-site \u2014 always with passion and dedication. What I love most? Watching a space evolve into a meaningful, inspiring place to live.<\/p>\t\t\t\t\t\t\t\t<\/div>\n\t\t\t\t<\/div>\n\t\t\t\t<\/div>\n\t\t<div class=\"elementor-element elementor-element-d92d490 e-con-full e-flex e-con e-child\" data-id=\"d92d490\" data-element_type=\"container\">\n\t\t\t\t<div class=\"elementor-element elementor-element-d5d0812 elementor-invisible elementor-widget elementor-widget-image\" data-id=\"d5d0812\" data-element_type=\"widget\" data-settings=\"{&quot;_animation&quot;:&quot;zoomIn&quot;}\" data-widget_type=\"image.default\">\n\t\t\t\t<div class=\"elementor-widget-container\">\n\t\t\t\t\t\t\t\t\t\t\t\t\t\t\t<img fetchpriority=\"high\" decoding=\"async\" width=\"1530\" height=\"1810\" src=\"https:\/\/crehabitat-solutions.com\/wp-content\/uploads\/2025\/04\/Sefa-Gun-3.jpeg\" class=\"attachment-full size-full wp-image-1533\" alt=\"\" srcset=\"https:\/\/crehabitat-solutions.com\/wp-content\/uploads\/2025\/04\/Sefa-Gun-3.jpeg 1530w, https:\/\/crehabitat-solutions.com\/wp-content\/uploads\/2025\/04\/Sefa-Gun-3-254x300.jpeg 254w, https:\/\/crehabitat-solutions.com\/wp-content\/uploads\/2025\/04\/Sefa-Gun-3-866x1024.jpeg 866w, https:\/\/crehabitat-solutions.com\/wp-content\/uploads\/2025\/04\/Sefa-Gun-3-768x909.jpeg 768w, https:\/\/crehabitat-solutions.com\/wp-content\/uploads\/2025\/04\/Sefa-Gun-3-1298x1536.jpeg 1298w\" sizes=\"(max-width: 1530px) 100vw, 1530px\" \/>\t\t\t\t\t\t\t\t\t\t\t\t\t\t\t<\/div>\n\t\t\t\t<\/div>\n\t\t\t\t<\/div>\n\t\t\t\t\t<\/div>\n\t\t\t\t<\/div>\n\t\t<div class=\"elementor-element elementor-element-704fd0ab e-flex e-con-boxed e-con e-parent\" data-id=\"704fd0ab\" data-element_type=\"container\">\n\t\t\t\t\t<div class=\"e-con-inner\">\n\t\t<div class=\"elementor-element elementor-element-49ddb2fd e-con-full e-flex e-con e-child\" data-id=\"49ddb2fd\" data-element_type=\"container\">\n\t\t\t\t<div class=\"elementor-element elementor-element-56f20cd1 elementor-invisible elementor-widget elementor-widget-image\" data-id=\"56f20cd1\" data-element_type=\"widget\" data-settings=\"{&quot;_animation&quot;:&quot;zoomIn&quot;}\" data-widget_type=\"image.default\">\n\t\t\t\t<div class=\"elementor-widget-container\">\n\t\t\t\t\t\t\t\t\t\t\t\t\t\t\t<img decoding=\"async\" src=\"https:\/\/crehabitat-solutions.com\/wp-content\/uploads\/elementor\/thumbs\/Melanie-r4rs2bhsf45z04pidijoh1zs7ljmpfr05bhi8h9kao.jpeg\" title=\"Melanie\" alt=\"Melanie\" loading=\"lazy\" \/>\t\t\t\t\t\t\t\t\t\t\t\t\t\t\t<\/div>\n\t\t\t\t<\/div>\n\t\t\t\t<\/div>\n\t\t<div class=\"elementor-element elementor-element-2d1e5fc8 e-con-full e-flex elementor-invisible e-con e-child\" data-id=\"2d1e5fc8\" data-element_type=\"container\" data-settings=\"{&quot;animation&quot;:&quot;fadeInRight&quot;}\">\n\t\t\t\t<div class=\"elementor-element elementor-element-1a178c44 elementor-widget elementor-widget-heading\" data-id=\"1a178c44\" data-element_type=\"widget\" data-widget_type=\"heading.default\">\n\t\t\t\t<div class=\"elementor-widget-container\">\n\t\t\t\t\t<h2 class=\"elementor-heading-title elementor-size-default\">M\u00e9lanie Chocholle<\/h2>\t\t\t\t<\/div>\n\t\t\t\t<\/div>\n\t\t\t\t<div class=\"elementor-element elementor-element-50d19e89 elementor-widget elementor-widget-text-editor\" data-id=\"50d19e89\" data-element_type=\"widget\" data-widget_type=\"text-editor.default\">\n\t\t\t\t<div class=\"elementor-widget-container\">\n\t\t\t\t\t\t\t\t\t<p>I\u2019m M\u00e9lanie Chocholle, Sefa\u2019s right hand. What inspires me every day is his vision, his passion, and his creative energy. I\u2019m here to ensure everything flows smoothly: organizing, coordinating, communicating, and anticipating. I take care of every detail so you can enjoy a seamless, reassuring, and inspiring experience from start to finish<\/p>\t\t\t\t\t\t\t\t<\/div>\n\t\t\t\t<\/div>\n\t\t\t\t<\/div>\n\t\t\t\t\t<\/div>\n\t\t\t\t<\/div>\n\t\t\t\t<\/div>","protected":false},"excerpt":{"rendered":"<p>Notre histoire, ma passion Sefa GUN Je m&rsquo;appelle Sefa GUN, et depuis toujours, je vis pour transformer les lieux et donner vie \u00e0 des projets uniques. Ce m\u00e9tier m\u2019a \u00e9t\u00e9 transmis par mon p\u00e8re, avec tout le respect du travail bien fait, du concret, et du durable. Aujourd\u2019hui, j\u2019interviens \u00e0 toutes les \u00e9tapes de chaque [&hellip;]<\/p>","protected":false},"author":3,"featured_media":0,"parent":0,"menu_order":0,"comment_status":"closed","ping_status":"closed","template":"elementor_header_footer","meta":{"footnotes":""},"class_list":["post-1437","page","type-page","status-publish","hentry"],"yoast_head":"<!-- This site is optimized with the Yoast SEO plugin v24.3 - https:\/\/yoast.com\/wordpress\/plugins\/seo\/ -->\n<title>Notre histoire, ma passion - Cr\u00e9Habitat Solutions<\/title>\n<meta name=\"robots\" content=\"index, follow, max-snippet:-1, max-image-preview:large, max-video-preview:-1\" \/>\n<link rel=\"canonical\" href=\"https:\/\/crehabitat-solutions.com\/en\/notre-histoire-ma-passion\/\" \/>\n<meta property=\"og:locale\" content=\"en_US\" \/>\n<meta property=\"og:type\" content=\"article\" \/>\n<meta property=\"og:title\" content=\"Notre histoire, ma passion - Cr\u00e9Habitat Solutions\" \/>\n<meta property=\"og:description\" content=\"Notre histoire, ma passion Sefa GUN Je m&rsquo;appelle Sefa GUN, et depuis toujours, je vis pour transformer les lieux et donner vie \u00e0 des projets uniques. Ce m\u00e9tier m\u2019a \u00e9t\u00e9 transmis par mon p\u00e8re, avec tout le respect du travail bien fait, du concret, et du durable. Aujourd\u2019hui, j\u2019interviens \u00e0 toutes les \u00e9tapes de chaque [&hellip;]\" \/>\n<meta property=\"og:url\" content=\"https:\/\/crehabitat-solutions.com\/en\/notre-histoire-ma-passion\/\" \/>\n<meta property=\"og:site_name\" content=\"Cr\u00e9Habitat Solutions\" \/>\n<meta property=\"article:modified_time\" content=\"2025-04-23T14:57:02+00:00\" \/>\n<meta property=\"og:image\" content=\"https:\/\/crehabitat-solutions.com\/wp-content\/uploads\/2025\/04\/Sefa-Gun-3.jpeg\" \/>\n\t<meta property=\"og:image:width\" content=\"1530\" \/>\n\t<meta property=\"og:image:height\" content=\"1810\" \/>\n\t<meta property=\"og:image:type\" content=\"image\/jpeg\" \/>\n<meta name=\"twitter:card\" content=\"summary_large_image\" \/>\n<meta name=\"twitter:label1\" content=\"Est. reading time\" \/>\n\t<meta name=\"twitter:data1\" content=\"2 minutes\" \/>\n<script type=\"application\/ld+json\" class=\"yoast-schema-graph\">{\"@context\":\"https:\/\/schema.org\",\"@graph\":[{\"@type\":\"WebPage\",\"@id\":\"https:\/\/crehabitat-solutions.com\/notre-histoire-ma-passion\/\",\"url\":\"https:\/\/crehabitat-solutions.com\/notre-histoire-ma-passion\/\",\"name\":\"Notre histoire, ma passion - Cr\u00e9Habitat Solutions\",\"isPartOf\":{\"@id\":\"https:\/\/crehabitat-solutions.com\/#website\"},\"primaryImageOfPage\":{\"@id\":\"https:\/\/crehabitat-solutions.com\/notre-histoire-ma-passion\/#primaryimage\"},\"image\":{\"@id\":\"https:\/\/crehabitat-solutions.com\/notre-histoire-ma-passion\/#primaryimage\"},\"thumbnailUrl\":\"https:\/\/crehabitat-solutions.com\/wp-content\/uploads\/2025\/04\/Sefa-Gun-3.jpeg\",\"datePublished\":\"2025-04-10T12:49:12+00:00\",\"dateModified\":\"2025-04-23T14:57:02+00:00\",\"breadcrumb\":{\"@id\":\"https:\/\/crehabitat-solutions.com\/notre-histoire-ma-passion\/#breadcrumb\"},\"inLanguage\":\"en-US\",\"potentialAction\":[{\"@type\":\"ReadAction\",\"target\":[\"https:\/\/crehabitat-solutions.com\/notre-histoire-ma-passion\/\"]}]},{\"@type\":\"ImageObject\",\"inLanguage\":\"en-US\",\"@id\":\"https:\/\/crehabitat-solutions.com\/notre-histoire-ma-passion\/#primaryimage\",\"url\":\"https:\/\/crehabitat-solutions.com\/wp-content\/uploads\/2025\/04\/Sefa-Gun-3.jpeg\",\"contentUrl\":\"https:\/\/crehabitat-solutions.com\/wp-content\/uploads\/2025\/04\/Sefa-Gun-3.jpeg\"},{\"@type\":\"BreadcrumbList\",\"@id\":\"https:\/\/crehabitat-solutions.com\/notre-histoire-ma-passion\/#breadcrumb\",\"itemListElement\":[{\"@type\":\"ListItem\",\"position\":1,\"name\":\"Accueil\",\"item\":\"https:\/\/crehabitat-solutions.com\/\"},{\"@type\":\"ListItem\",\"position\":2,\"name\":\"Notre histoire, ma passion\"}]},{\"@type\":\"WebSite\",\"@id\":\"https:\/\/crehabitat-solutions.com\/#website\",\"url\":\"https:\/\/crehabitat-solutions.com\/\",\"name\":\"Cr\u00e9Habitat Solutions\",\"description\":\"Cr\u00e9Habitat, expert en construction, r\u00e9novation, extension et am\u00e9nagement sur mesure.\",\"potentialAction\":[{\"@type\":\"SearchAction\",\"target\":{\"@type\":\"EntryPoint\",\"urlTemplate\":\"https:\/\/crehabitat-solutions.com\/?s={search_term_string}\"},\"query-input\":{\"@type\":\"PropertyValueSpecification\",\"valueRequired\":true,\"valueName\":\"search_term_string\"}}],\"inLanguage\":\"en-US\"}]}<\/script>\n<!-- \/ Yoast SEO plugin. -->","yoast_head_json":{"title":"Notre histoire, ma passion - Cr\u00e9Habitat Solutions","robots":{"index":"index","follow":"follow","max-snippet":"max-snippet:-1","max-image-preview":"max-image-preview:large","max-video-preview":"max-video-preview:-1"},"canonical":"https:\/\/crehabitat-solutions.com\/en\/notre-histoire-ma-passion\/","og_locale":"en_US","og_type":"article","og_title":"Notre histoire, ma passion - Cr\u00e9Habitat Solutions","og_description":"Notre histoire, ma passion Sefa GUN Je m&rsquo;appelle Sefa GUN, et depuis toujours, je vis pour transformer les lieux et donner vie \u00e0 des projets uniques. Ce m\u00e9tier m\u2019a \u00e9t\u00e9 transmis par mon p\u00e8re, avec tout le respect du travail bien fait, du concret, et du durable. Aujourd\u2019hui, j\u2019interviens \u00e0 toutes les \u00e9tapes de chaque [&hellip;]","og_url":"https:\/\/crehabitat-solutions.com\/en\/notre-histoire-ma-passion\/","og_site_name":"Cr\u00e9Habitat Solutions","article_modified_time":"2025-04-23T14:57:02+00:00","og_image":[{"width":1530,"height":1810,"url":"https:\/\/crehabitat-solutions.com\/wp-content\/uploads\/2025\/04\/Sefa-Gun-3.jpeg","type":"image\/jpeg"}],"twitter_card":"summary_large_image","twitter_misc":{"Est. reading time":"2 minutes"},"schema":{"@context":"https:\/\/schema.org","@graph":[{"@type":"WebPage","@id":"https:\/\/crehabitat-solutions.com\/notre-histoire-ma-passion\/","url":"https:\/\/crehabitat-solutions.com\/notre-histoire-ma-passion\/","name":"Notre histoire, ma passion - Cr\u00e9Habitat Solutions","isPartOf":{"@id":"https:\/\/crehabitat-solutions.com\/#website"},"primaryImageOfPage":{"@id":"https:\/\/crehabitat-solutions.com\/notre-histoire-ma-passion\/#primaryimage"},"image":{"@id":"https:\/\/crehabitat-solutions.com\/notre-histoire-ma-passion\/#primaryimage"},"thumbnailUrl":"https:\/\/crehabitat-solutions.com\/wp-content\/uploads\/2025\/04\/Sefa-Gun-3.jpeg","datePublished":"2025-04-10T12:49:12+00:00","dateModified":"2025-04-23T14:57:02+00:00","breadcrumb":{"@id":"https:\/\/crehabitat-solutions.com\/notre-histoire-ma-passion\/#breadcrumb"},"inLanguage":"en-US","potentialAction":[{"@type":"ReadAction","target":["https:\/\/crehabitat-solutions.com\/notre-histoire-ma-passion\/"]}]},{"@type":"ImageObject","inLanguage":"en-US","@id":"https:\/\/crehabitat-solutions.com\/notre-histoire-ma-passion\/#primaryimage","url":"https:\/\/crehabitat-solutions.com\/wp-content\/uploads\/2025\/04\/Sefa-Gun-3.jpeg","contentUrl":"https:\/\/crehabitat-solutions.com\/wp-content\/uploads\/2025\/04\/Sefa-Gun-3.jpeg"},{"@type":"BreadcrumbList","@id":"https:\/\/crehabitat-solutions.com\/notre-histoire-ma-passion\/#breadcrumb","itemListElement":[{"@type":"ListItem","position":1,"name":"Accueil","item":"https:\/\/crehabitat-solutions.com\/"},{"@type":"ListItem","position":2,"name":"Notre histoire, ma passion"}]},{"@type":"WebSite","@id":"https:\/\/crehabitat-solutions.com\/#website","url":"https:\/\/crehabitat-solutions.com\/","name":"Cr\u00e9Habitat Solutions","description":"Cr\u00e9Habitat, expert en construction, r\u00e9novation, extension et am\u00e9nagement sur mesure.","potentialAction":[{"@type":"SearchAction","target":{"@type":"EntryPoint","urlTemplate":"https:\/\/crehabitat-solutions.com\/?s={search_term_string}"},"query-input":{"@type":"PropertyValueSpecification","valueRequired":true,"valueName":"search_term_string"}}],"inLanguage":"en-US"}]}},"_links":{"self":[{"href":"https:\/\/crehabitat-solutions.com\/en\/wp-json\/wp\/v2\/pages\/1437","targetHints":{"allow":["GET"]}}],"collection":[{"href":"https:\/\/crehabitat-solutions.com\/en\/wp-json\/wp\/v2\/pages"}],"about":[{"href":"https:\/\/crehabitat-solutions.com\/en\/wp-json\/wp\/v2\/types\/page"}],"author":[{"embeddable":true,"href":"https:\/\/crehabitat-solutions.com\/en\/wp-json\/wp\/v2\/users\/3"}],"replies":[{"embeddable":true,"href":"https:\/\/crehabitat-solutions.com\/en\/wp-json\/wp\/v2\/comments?post=1437"}],"version-history":[{"count":13,"href":"https:\/\/crehabitat-solutions.com\/en\/wp-json\/wp\/v2\/pages\/1437\/revisions"}],"predecessor-version":[{"id":1537,"href":"https:\/\/crehabitat-solutions.com\/en\/wp-json\/wp\/v2\/pages\/1437\/revisions\/1537"}],"wp:attachment":[{"href":"https:\/\/crehabitat-solutions.com\/en\/wp-json\/wp\/v2\/media?parent=1437"}],"curies":[{"name":"wp","href":"https:\/\/api.w.org\/{rel}","templated":true}]}}