{"id":1143,"date":"2025-02-14T18:33:16","date_gmt":"2025-02-14T18:33:16","guid":{"rendered":"https:\/\/crehabitat-solutions.com\/?page_id=1143"},"modified":"2025-04-26T12:21:18","modified_gmt":"2025-04-26T12:21:18","slug":"prestations","status":"publish","type":"page","link":"https:\/\/crehabitat-solutions.com\/en\/prestations\/","title":{"rendered":"Our Tailored Services"},"content":{"rendered":"<div data-elementor-type=\"wp-page\" data-elementor-id=\"1143\" class=\"elementor elementor-1143\">\n\t\t\t\t<div class=\"elementor-element elementor-element-564f1943 e-con-full e-flex e-con e-parent\" data-id=\"564f1943\" data-element_type=\"container\">\n\t\t<div class=\"elementor-element elementor-element-477dbd7f e-con-full e-flex e-con e-child\" data-id=\"477dbd7f\" data-element_type=\"container\" data-settings=\"{&quot;background_background&quot;:&quot;classic&quot;}\">\n\t\t<div class=\"elementor-element elementor-element-7e0ae631 e-flex e-con-boxed e-con e-child\" data-id=\"7e0ae631\" data-element_type=\"container\" data-settings=\"{&quot;background_background&quot;:&quot;classic&quot;}\">\n\t\t\t\t\t<div class=\"e-con-inner\">\n\t\t\t\t<div class=\"elementor-element elementor-element-1ceeb264 elementor-widget elementor-widget-heading\" data-id=\"1ceeb264\" data-element_type=\"widget\" data-widget_type=\"heading.default\">\n\t\t\t\t<div class=\"elementor-widget-container\">\n\t\t\t\t\t<h2 class=\"elementor-heading-title elementor-size-default\">Tailored Services<\/h2>\t\t\t\t<\/div>\n\t\t\t\t<\/div>\n\t\t\t\t\t<\/div>\n\t\t\t\t<\/div>\n\t\t\t\t<\/div>\n\t\t\t\t<\/div>\n\t\t<div class=\"elementor-element elementor-element-3e15866e e-flex e-con-boxed e-con e-parent\" data-id=\"3e15866e\" data-element_type=\"container\">\n\t\t\t\t\t<div class=\"e-con-inner\">\n\t\t<div class=\"elementor-element elementor-element-26d3a746 e-con-full e-flex e-con e-child\" data-id=\"26d3a746\" data-element_type=\"container\">\n\t\t\t\t<div class=\"elementor-element elementor-element-1dc1f194 elementor-widget__width-initial elementor-widget elementor-widget-heading\" data-id=\"1dc1f194\" data-element_type=\"widget\" data-widget_type=\"heading.default\">\n\t\t\t\t<div class=\"elementor-widget-container\">\n\t\t\t\t\t<h2 class=\"elementor-heading-title elementor-size-default\">What we offer<\/h2>\t\t\t\t<\/div>\n\t\t\t\t<\/div>\n\t\t\t\t<div class=\"elementor-element elementor-element-4a627d3c elementor-widget elementor-widget-heading\" data-id=\"4a627d3c\" data-element_type=\"widget\" data-widget_type=\"heading.default\">\n\t\t\t\t<div class=\"elementor-widget-container\">\n\t\t\t\t\t<h2 class=\"elementor-heading-title elementor-size-default\">Our Tailored Services<\/h2>\t\t\t\t<\/div>\n\t\t\t\t<\/div>\n\t\t\t\t<div class=\"elementor-element elementor-element-68679c2a elementor-widget elementor-widget-text-editor\" data-id=\"68679c2a\" data-element_type=\"widget\" data-widget_type=\"text-editor.default\">\n\t\t\t\t<div class=\"elementor-widget-container\">\n\t\t\t\t\t\t\t\t\t<p>Cr\u00e9habitat-Solutions supports you in your construction, renovation, extension, and layout projects, with tailored expertise.<\/p>\t\t\t\t\t\t\t\t<\/div>\n\t\t\t\t<\/div>\n\t\t\t\t<\/div>\n\t\t\t\t\t<\/div>\n\t\t\t\t<\/div>\n\t\t<div class=\"elementor-element elementor-element-4622fef e-flex e-con-boxed e-con e-parent\" data-id=\"4622fef\" data-element_type=\"container\">\n\t\t\t\t\t<div class=\"e-con-inner\">\n\t\t<div class=\"elementor-element elementor-element-049fe5f e-con-full e-flex elementor-invisible e-con e-child\" data-id=\"049fe5f\" data-element_type=\"container\" data-settings=\"{&quot;background_background&quot;:&quot;classic&quot;,&quot;animation&quot;:&quot;zoomIn&quot;}\">\n\t\t\t\t<div class=\"elementor-element elementor-element-28c5cad elementor-widget__width-initial jkit-equal-height-disable elementor-widget elementor-widget-jkit_icon_box\" data-id=\"28c5cad\" data-element_type=\"widget\" data-widget_type=\"jkit_icon_box.default\">\n\t\t\t\t<div class=\"elementor-widget-container\">\n\t\t\t\t\t<div  class=\"jeg-elementor-kit jkit-icon-box icon-position-right elementor-animation- jeg_module___6a009c9d2b743\" ><a href=\"https:\/\/crehabitat-solutions.com\/en\/prestations\/contruction-et-renovation\/\" class=\"icon-box-link\" aria-label=\"Learn More\"><div class=\"jkit-icon-box-wrapper hover-from-left\"><div class=\"icon-box icon-box-header elementor-animation-\"><div class=\"icon style-color\"><i aria-hidden=\"true\" class=\"jki jki-right-arrow-light\"><\/i><\/div><\/div><div class=\"icon-box icon-box-body\">\n                <h2 class=\"title\">Construction et R\u00e9novation<\/h2>\n            <\/div>\n            \n            <\/div><\/a><\/div>\t\t\t\t<\/div>\n\t\t\t\t<\/div>\n\t\t\t\t<\/div>\n\t\t<div class=\"elementor-element elementor-element-8710015 e-con-full e-flex elementor-invisible e-con e-child\" data-id=\"8710015\" data-element_type=\"container\" data-settings=\"{&quot;background_background&quot;:&quot;classic&quot;,&quot;animation&quot;:&quot;zoomIn&quot;}\">\n\t\t\t\t<div class=\"elementor-element elementor-element-d8bdc6e elementor-widget__width-initial jkit-equal-height-disable elementor-widget elementor-widget-jkit_icon_box\" data-id=\"d8bdc6e\" data-element_type=\"widget\" data-widget_type=\"jkit_icon_box.default\">\n\t\t\t\t<div class=\"elementor-widget-container\">\n\t\t\t\t\t<div  class=\"jeg-elementor-kit jkit-icon-box icon-position-right elementor-animation- jeg_module__1_6a009c9d2c3aa\" ><a href=\"https:\/\/crehabitat-solutions.com\/en\/prestations\/extensions-et-amenagement\/\" class=\"icon-box-link\" aria-label=\"Learn More\"><div class=\"jkit-icon-box-wrapper hover-from-left\"><div class=\"icon-box icon-box-header elementor-animation-\"><div class=\"icon style-color\"><i aria-hidden=\"true\" class=\"jki jki-right-arrow-light\"><\/i><\/div><\/div><div class=\"icon-box icon-box-body\">\n                <h2 class=\"title\">Extension et Am\u00e9nagement<\/h2>\n            <\/div>\n            \n            <\/div><\/a><\/div>\t\t\t\t<\/div>\n\t\t\t\t<\/div>\n\t\t\t\t<\/div>\n\t\t<div class=\"elementor-element elementor-element-71d5a45 e-con-full e-flex elementor-invisible e-con e-child\" data-id=\"71d5a45\" data-element_type=\"container\" data-settings=\"{&quot;background_background&quot;:&quot;classic&quot;,&quot;animation&quot;:&quot;fadeInRight&quot;}\">\n\t\t\t\t<div class=\"elementor-element elementor-element-f9a112a elementor-widget__width-initial jkit-equal-height-disable elementor-widget elementor-widget-jkit_icon_box\" data-id=\"f9a112a\" data-element_type=\"widget\" data-widget_type=\"jkit_icon_box.default\">\n\t\t\t\t<div class=\"elementor-widget-container\">\n\t\t\t\t\t<div  class=\"jeg-elementor-kit jkit-icon-box icon-position-right elementor-animation- jeg_module__2_6a009c9d2ced5\" ><a href=\"https:\/\/crehabitat-solutions.com\/en\/prestations\/suivi-de-chantier-2\/\" class=\"icon-box-link\" aria-label=\"Learn More\"><div class=\"jkit-icon-box-wrapper hover-from-left\"><div class=\"icon-box icon-box-header elementor-animation-\"><div class=\"icon style-color\"><i aria-hidden=\"true\" class=\"jki jki-right-arrow-light\"><\/i><\/div><\/div><div class=\"icon-box icon-box-body\">\n                <h2 class=\"title\">Suivi de chantier and installation<\/h2>\n            <\/div>\n            \n            <\/div><\/a><\/div>\t\t\t\t<\/div>\n\t\t\t\t<\/div>\n\t\t\t\t<\/div>\n\t\t\t\t\t<\/div>\n\t\t\t\t<\/div>\n\t\t\t\t<\/div>","protected":false},"excerpt":{"rendered":"<p>Services sur mesure Ce que nous proposons Nos services sur mesure Cr\u00e9habitat-Solutions vous accompagne dans vos projets de construction, r\u00e9novation, extension et am\u00e9nagement, avec une expertise sur mesure. Construction et R\u00e9novation Extension et Am\u00e9nagement Suivi de chantier and installation<\/p>","protected":false},"author":3,"featured_media":0,"parent":0,"menu_order":0,"comment_status":"closed","ping_status":"closed","template":"","meta":{"footnotes":""},"class_list":["post-1143","page","type-page","status-publish","hentry"],"yoast_head":"<!-- This site is optimized with the Yoast SEO plugin v24.3 - https:\/\/yoast.com\/wordpress\/plugins\/seo\/ -->\n<title>Nos services sur mesure - Cr\u00e9Habitat Solutions<\/title>\n<meta name=\"robots\" content=\"index, follow, max-snippet:-1, max-image-preview:large, max-video-preview:-1\" \/>\n<link rel=\"canonical\" href=\"https:\/\/crehabitat-solutions.com\/en\/prestations\/\" \/>\n<meta property=\"og:locale\" content=\"en_US\" \/>\n<meta property=\"og:type\" content=\"article\" \/>\n<meta property=\"og:title\" content=\"Nos services sur mesure - Cr\u00e9Habitat Solutions\" \/>\n<meta property=\"og:description\" content=\"Services sur mesure Ce que nous proposons Nos services sur mesure Cr\u00e9habitat-Solutions vous accompagne dans vos projets de construction, r\u00e9novation, extension et am\u00e9nagement, avec une expertise sur mesure. Construction et R\u00e9novation Extension et Am\u00e9nagement Suivi de chantier and installation\" \/>\n<meta property=\"og:url\" content=\"https:\/\/crehabitat-solutions.com\/en\/prestations\/\" \/>\n<meta property=\"og:site_name\" content=\"Cr\u00e9Habitat Solutions\" \/>\n<meta property=\"article:modified_time\" content=\"2025-04-26T12:21:18+00:00\" \/>\n<meta name=\"twitter:card\" content=\"summary_large_image\" \/>\n<meta name=\"twitter:label1\" content=\"Est. reading time\" \/>\n\t<meta name=\"twitter:data1\" content=\"1 minute\" \/>\n<script type=\"application\/ld+json\" class=\"yoast-schema-graph\">{\"@context\":\"https:\/\/schema.org\",\"@graph\":[{\"@type\":\"WebPage\",\"@id\":\"https:\/\/crehabitat-solutions.com\/prestations\/\",\"url\":\"https:\/\/crehabitat-solutions.com\/prestations\/\",\"name\":\"Nos services sur mesure - Cr\u00e9Habitat Solutions\",\"isPartOf\":{\"@id\":\"https:\/\/crehabitat-solutions.com\/#website\"},\"datePublished\":\"2025-02-14T18:33:16+00:00\",\"dateModified\":\"2025-04-26T12:21:18+00:00\",\"breadcrumb\":{\"@id\":\"https:\/\/crehabitat-solutions.com\/prestations\/#breadcrumb\"},\"inLanguage\":\"en-US\",\"potentialAction\":[{\"@type\":\"ReadAction\",\"target\":[\"https:\/\/crehabitat-solutions.com\/prestations\/\"]}]},{\"@type\":\"BreadcrumbList\",\"@id\":\"https:\/\/crehabitat-solutions.com\/prestations\/#breadcrumb\",\"itemListElement\":[{\"@type\":\"ListItem\",\"position\":1,\"name\":\"Accueil\",\"item\":\"https:\/\/crehabitat-solutions.com\/\"},{\"@type\":\"ListItem\",\"position\":2,\"name\":\"Nos services sur mesure\"}]},{\"@type\":\"WebSite\",\"@id\":\"https:\/\/crehabitat-solutions.com\/#website\",\"url\":\"https:\/\/crehabitat-solutions.com\/\",\"name\":\"Cr\u00e9Habitat Solutions\",\"description\":\"Cr\u00e9Habitat, expert en construction, r\u00e9novation, extension et am\u00e9nagement sur mesure.\",\"potentialAction\":[{\"@type\":\"SearchAction\",\"target\":{\"@type\":\"EntryPoint\",\"urlTemplate\":\"https:\/\/crehabitat-solutions.com\/?s={search_term_string}\"},\"query-input\":{\"@type\":\"PropertyValueSpecification\",\"valueRequired\":true,\"valueName\":\"search_term_string\"}}],\"inLanguage\":\"en-US\"}]}<\/script>\n<!-- \/ Yoast SEO plugin. -->","yoast_head_json":{"title":"Nos services sur mesure - Cr\u00e9Habitat Solutions","robots":{"index":"index","follow":"follow","max-snippet":"max-snippet:-1","max-image-preview":"max-image-preview:large","max-video-preview":"max-video-preview:-1"},"canonical":"https:\/\/crehabitat-solutions.com\/en\/prestations\/","og_locale":"en_US","og_type":"article","og_title":"Nos services sur mesure - Cr\u00e9Habitat Solutions","og_description":"Services sur mesure Ce que nous proposons Nos services sur mesure Cr\u00e9habitat-Solutions vous accompagne dans vos projets de construction, r\u00e9novation, extension et am\u00e9nagement, avec une expertise sur mesure. Construction et R\u00e9novation Extension et Am\u00e9nagement Suivi de chantier and installation","og_url":"https:\/\/crehabitat-solutions.com\/en\/prestations\/","og_site_name":"Cr\u00e9Habitat Solutions","article_modified_time":"2025-04-26T12:21:18+00:00","twitter_card":"summary_large_image","twitter_misc":{"Est. reading time":"1 minute"},"schema":{"@context":"https:\/\/schema.org","@graph":[{"@type":"WebPage","@id":"https:\/\/crehabitat-solutions.com\/prestations\/","url":"https:\/\/crehabitat-solutions.com\/prestations\/","name":"Nos services sur mesure - Cr\u00e9Habitat Solutions","isPartOf":{"@id":"https:\/\/crehabitat-solutions.com\/#website"},"datePublished":"2025-02-14T18:33:16+00:00","dateModified":"2025-04-26T12:21:18+00:00","breadcrumb":{"@id":"https:\/\/crehabitat-solutions.com\/prestations\/#breadcrumb"},"inLanguage":"en-US","potentialAction":[{"@type":"ReadAction","target":["https:\/\/crehabitat-solutions.com\/prestations\/"]}]},{"@type":"BreadcrumbList","@id":"https:\/\/crehabitat-solutions.com\/prestations\/#breadcrumb","itemListElement":[{"@type":"ListItem","position":1,"name":"Accueil","item":"https:\/\/crehabitat-solutions.com\/"},{"@type":"ListItem","position":2,"name":"Nos services sur mesure"}]},{"@type":"WebSite","@id":"https:\/\/crehabitat-solutions.com\/#website","url":"https:\/\/crehabitat-solutions.com\/","name":"Cr\u00e9Habitat Solutions","description":"Cr\u00e9Habitat, expert en construction, r\u00e9novation, extension et am\u00e9nagement sur mesure.","potentialAction":[{"@type":"SearchAction","target":{"@type":"EntryPoint","urlTemplate":"https:\/\/crehabitat-solutions.com\/?s={search_term_string}"},"query-input":{"@type":"PropertyValueSpecification","valueRequired":true,"valueName":"search_term_string"}}],"inLanguage":"en-US"}]}},"_links":{"self":[{"href":"https:\/\/crehabitat-solutions.com\/en\/wp-json\/wp\/v2\/pages\/1143","targetHints":{"allow":["GET"]}}],"collection":[{"href":"https:\/\/crehabitat-solutions.com\/en\/wp-json\/wp\/v2\/pages"}],"about":[{"href":"https:\/\/crehabitat-solutions.com\/en\/wp-json\/wp\/v2\/types\/page"}],"author":[{"embeddable":true,"href":"https:\/\/crehabitat-solutions.com\/en\/wp-json\/wp\/v2\/users\/3"}],"replies":[{"embeddable":true,"href":"https:\/\/crehabitat-solutions.com\/en\/wp-json\/wp\/v2\/comments?post=1143"}],"version-history":[{"count":22,"href":"https:\/\/crehabitat-solutions.com\/en\/wp-json\/wp\/v2\/pages\/1143\/revisions"}],"predecessor-version":[{"id":1568,"href":"https:\/\/crehabitat-solutions.com\/en\/wp-json\/wp\/v2\/pages\/1143\/revisions\/1568"}],"wp:attachment":[{"href":"https:\/\/crehabitat-solutions.com\/en\/wp-json\/wp\/v2\/media?parent=1143"}],"curies":[{"name":"wp","href":"https:\/\/api.w.org\/{rel}","templated":true}]}}