{"id":1133,"date":"2025-02-14T18:28:09","date_gmt":"2025-02-14T18:28:09","guid":{"rendered":"https:\/\/crehabitat-solutions.com\/?page_id=1133"},"modified":"2025-02-22T09:26:59","modified_gmt":"2025-02-22T09:26:59","slug":"a-propos-de","status":"publish","type":"page","link":"https:\/\/crehabitat-solutions.com\/en\/a-propos-de\/","title":{"rendered":"A propos de"},"content":{"rendered":"<div data-elementor-type=\"wp-page\" data-elementor-id=\"1133\" class=\"elementor elementor-1133\">\n\t\t\t\t<div class=\"elementor-element elementor-element-5a195648 e-con-full e-flex e-con e-parent\" data-id=\"5a195648\" data-element_type=\"container\">\n\t\t<div class=\"elementor-element elementor-element-1b71bb e-con-full e-flex e-con e-child\" data-id=\"1b71bb\" data-element_type=\"container\" data-settings=\"{&quot;background_background&quot;:&quot;classic&quot;}\">\n\t\t<div class=\"elementor-element elementor-element-20079211 e-flex e-con-boxed e-con e-child\" data-id=\"20079211\" data-element_type=\"container\" data-settings=\"{&quot;background_background&quot;:&quot;video&quot;,&quot;background_video_link&quot;:&quot;https:\\\/\\\/crehabitat-solutions.com\\\/wp-content\\\/uploads\\\/2025\\\/01\\\/6474085-sd_640_360_25fps.mp4&quot;}\">\n\t\t\t\t\t<div class=\"e-con-inner\">\n\t\t<div class=\"elementor-background-video-container elementor-hidden-mobile\">\n\t\t\t\t\t\t\t<video class=\"elementor-background-video-hosted\" autoplay muted playsinline loop><\/video>\n\t\t\t\t\t<\/div>\t\t<div class=\"elementor-element elementor-element-38f461da elementor-widget elementor-widget-heading\" data-id=\"38f461da\" data-element_type=\"widget\" data-widget_type=\"heading.default\">\n\t\t\t\t<div class=\"elementor-widget-container\">\n\t\t\t\t\t<h2 class=\"elementor-heading-title elementor-size-default\">A propos de<\/h2>\t\t\t\t<\/div>\n\t\t\t\t<\/div>\n\t\t\t\t\t<\/div>\n\t\t\t\t<\/div>\n\t\t\t\t<\/div>\n\t\t\t\t<\/div>\n\t\t<div class=\"elementor-element elementor-element-260a8b2a e-flex e-con-boxed e-con e-parent\" data-id=\"260a8b2a\" data-element_type=\"container\">\n\t\t\t\t\t<div class=\"e-con-inner\">\n\t\t<div class=\"elementor-element elementor-element-30da45b0 e-con-full e-flex e-con e-child\" data-id=\"30da45b0\" data-element_type=\"container\">\n\t\t\t\t<div class=\"elementor-element elementor-element-3a075976 elementor-absolute elementor-hidden-tablet elementor-hidden-mobile elementor-widget elementor-widget-text-editor\" data-id=\"3a075976\" data-element_type=\"widget\" data-settings=\"{&quot;_position&quot;:&quot;absolute&quot;}\" data-widget_type=\"text-editor.default\">\n\t\t\t\t<div class=\"elementor-widget-container\">\n\t\t\t\t\t\t\t\t\t<p>About Our Company<\/p>\t\t\t\t\t\t\t\t<\/div>\n\t\t\t\t<\/div>\n\t\t\t\t<\/div>\n\t\t\t\t\t<\/div>\n\t\t\t\t<\/div>\n\t\t<div class=\"elementor-element elementor-element-5640010 e-flex e-con-boxed e-con e-parent\" data-id=\"5640010\" data-element_type=\"container\">\n\t\t\t\t\t<div class=\"e-con-inner\">\n\t\t<div class=\"elementor-element elementor-element-7abec8f e-con-full e-flex e-con e-child\" data-id=\"7abec8f\" data-element_type=\"container\">\n\t\t\t\t<div class=\"elementor-element elementor-element-2079821 elementor-invisible elementor-widget elementor-widget-image\" data-id=\"2079821\" data-element_type=\"widget\" data-settings=\"{&quot;_animation&quot;:&quot;zoomIn&quot;}\" data-widget_type=\"image.default\">\n\t\t\t\t<div class=\"elementor-widget-container\">\n\t\t\t\t\t\t\t\t\t\t\t\t\t\t\t<img fetchpriority=\"high\" decoding=\"async\" width=\"1920\" height=\"1280\" src=\"https:\/\/crehabitat-solutions.com\/wp-content\/uploads\/2025\/02\/About.jpg\" class=\"attachment-full size-full wp-image-1188\" alt=\"\" srcset=\"https:\/\/crehabitat-solutions.com\/wp-content\/uploads\/2025\/02\/About.jpg 1920w, https:\/\/crehabitat-solutions.com\/wp-content\/uploads\/2025\/02\/About-300x200.jpg 300w, https:\/\/crehabitat-solutions.com\/wp-content\/uploads\/2025\/02\/About-1024x683.jpg 1024w, https:\/\/crehabitat-solutions.com\/wp-content\/uploads\/2025\/02\/About-768x512.jpg 768w, https:\/\/crehabitat-solutions.com\/wp-content\/uploads\/2025\/02\/About-1536x1024.jpg 1536w\" sizes=\"(max-width: 1920px) 100vw, 1920px\" \/>\t\t\t\t\t\t\t\t\t\t\t\t\t\t\t<\/div>\n\t\t\t\t<\/div>\n\t\t\t\t<\/div>\n\t\t<div class=\"elementor-element elementor-element-5c06a80 e-con-full e-flex elementor-invisible e-con e-child\" data-id=\"5c06a80\" data-element_type=\"container\" data-settings=\"{&quot;animation&quot;:&quot;fadeInRight&quot;}\">\n\t\t\t\t<div class=\"elementor-element elementor-element-642edc3 elementor-widget__width-initial elementor-widget elementor-widget-text-editor\" data-id=\"642edc3\" data-element_type=\"widget\" data-widget_type=\"text-editor.default\">\n\t\t\t\t<div class=\"elementor-widget-container\">\n\t\t\t\t\t\t\t\t\t<p>Introduction<\/p>\t\t\t\t\t\t\t\t<\/div>\n\t\t\t\t<\/div>\n\t\t\t\t<div class=\"elementor-element elementor-element-25c5b83 elementor-widget elementor-widget-heading\" data-id=\"25c5b83\" data-element_type=\"widget\" data-widget_type=\"heading.default\">\n\t\t\t\t<div class=\"elementor-widget-container\">\n\t\t\t\t\t<h2 class=\"elementor-heading-title elementor-size-default\">A Family Expertise for Over 50 Years<\/h2>\t\t\t\t<\/div>\n\t\t\t\t<\/div>\n\t\t\t\t<div class=\"elementor-element elementor-element-4f57561 elementor-widget elementor-widget-text-editor\" data-id=\"4f57561\" data-element_type=\"widget\" data-widget_type=\"text-editor.default\">\n\t\t\t\t<div class=\"elementor-widget-container\">\n\t\t\t\t\t\t\t\t\t<p>A qualified team with proven expertise for superior quality work.<\/p>\t\t\t\t\t\t\t\t<\/div>\n\t\t\t\t<\/div>\n\t\t<div class=\"elementor-element elementor-element-46beec5 e-flex e-con-boxed e-con e-child\" data-id=\"46beec5\" data-element_type=\"container\">\n\t\t\t\t\t<div class=\"e-con-inner\">\n\t\t<div class=\"elementor-element elementor-element-71182ef e-flex e-con-boxed e-con e-child\" data-id=\"71182ef\" data-element_type=\"container\">\n\t\t\t\t\t<div class=\"e-con-inner\">\n\t\t<div class=\"elementor-element elementor-element-0336e26 e-flex e-con-boxed e-con e-child\" data-id=\"0336e26\" data-element_type=\"container\">\n\t\t\t\t\t<div class=\"e-con-inner\">\n\t\t\t\t<div class=\"elementor-element elementor-element-d282e14 elementor-invisible elementor-widget elementor-widget-heading\" data-id=\"d282e14\" data-element_type=\"widget\" data-settings=\"{&quot;_animation&quot;:&quot;zoomIn&quot;}\" data-widget_type=\"heading.default\">\n\t\t\t\t<div class=\"elementor-widget-container\">\n\t\t\t\t\t<h2 class=\"elementor-heading-title elementor-size-default\">01<\/h2>\t\t\t\t<\/div>\n\t\t\t\t<\/div>\n\t\t\t\t\t<\/div>\n\t\t\t\t<\/div>\n\t\t\t\t<div class=\"elementor-element elementor-element-1bb9299 elementor-widget elementor-widget-heading\" data-id=\"1bb9299\" data-element_type=\"widget\" data-widget_type=\"heading.default\">\n\t\t\t\t<div class=\"elementor-widget-container\">\n\t\t\t\t\t<h2 class=\"elementor-heading-title elementor-size-default\">Quality &amp; Expertise<\/h2>\t\t\t\t<\/div>\n\t\t\t\t<\/div>\n\t\t\t\t<div class=\"elementor-element elementor-element-f6728c7 elementor-widget elementor-widget-text-editor\" data-id=\"f6728c7\" data-element_type=\"widget\" data-widget_type=\"text-editor.default\">\n\t\t\t\t<div class=\"elementor-widget-container\">\n\t\t\t\t\t\t\t\t\t<p>High-quality materials and meticulous attention to detail for a flawless result.<\/p>\t\t\t\t\t\t\t\t<\/div>\n\t\t\t\t<\/div>\n\t\t\t\t\t<\/div>\n\t\t\t\t<\/div>\n\t\t<div class=\"elementor-element elementor-element-ddec6c6 e-flex e-con-boxed e-con e-child\" data-id=\"ddec6c6\" data-element_type=\"container\">\n\t\t\t\t\t<div class=\"e-con-inner\">\n\t\t<div class=\"elementor-element elementor-element-74439eb e-flex e-con-boxed e-con e-child\" data-id=\"74439eb\" data-element_type=\"container\">\n\t\t\t\t\t<div class=\"e-con-inner\">\n\t\t\t\t<div class=\"elementor-element elementor-element-ebedc48 elementor-invisible elementor-widget elementor-widget-heading\" data-id=\"ebedc48\" data-element_type=\"widget\" data-settings=\"{&quot;_animation&quot;:&quot;zoomIn&quot;}\" data-widget_type=\"heading.default\">\n\t\t\t\t<div class=\"elementor-widget-container\">\n\t\t\t\t\t<h2 class=\"elementor-heading-title elementor-size-default\">02<\/h2>\t\t\t\t<\/div>\n\t\t\t\t<\/div>\n\t\t\t\t\t<\/div>\n\t\t\t\t<\/div>\n\t\t\t\t<div class=\"elementor-element elementor-element-011ad13 elementor-widget elementor-widget-heading\" data-id=\"011ad13\" data-element_type=\"widget\" data-widget_type=\"heading.default\">\n\t\t\t\t<div class=\"elementor-widget-container\">\n\t\t\t\t\t<h2 class=\"elementor-heading-title elementor-size-default\">Experienced Team<\/h2>\t\t\t\t<\/div>\n\t\t\t\t<\/div>\n\t\t\t\t<div class=\"elementor-element elementor-element-d853a39 elementor-widget elementor-widget-text-editor\" data-id=\"d853a39\" data-element_type=\"widget\" data-widget_type=\"text-editor.default\">\n\t\t\t\t<div class=\"elementor-widget-container\">\n\t\t\t\t\t\t\t\t\t<p>Over 50 years of experience to bring your projects to life with precision and expertise.<\/p>\t\t\t\t\t\t\t\t<\/div>\n\t\t\t\t<\/div>\n\t\t\t\t\t<\/div>\n\t\t\t\t<\/div>\n\t\t<div class=\"elementor-element elementor-element-eb559a0 e-flex e-con-boxed e-con e-child\" data-id=\"eb559a0\" data-element_type=\"container\">\n\t\t\t\t\t<div class=\"e-con-inner\">\n\t\t<div class=\"elementor-element elementor-element-1972565 e-flex e-con-boxed e-con e-child\" data-id=\"1972565\" data-element_type=\"container\">\n\t\t\t\t\t<div class=\"e-con-inner\">\n\t\t\t\t<div class=\"elementor-element elementor-element-0987d9f elementor-invisible elementor-widget elementor-widget-heading\" data-id=\"0987d9f\" data-element_type=\"widget\" data-settings=\"{&quot;_animation&quot;:&quot;zoomIn&quot;}\" data-widget_type=\"heading.default\">\n\t\t\t\t<div class=\"elementor-widget-container\">\n\t\t\t\t\t<h2 class=\"elementor-heading-title elementor-size-default\">03<\/h2>\t\t\t\t<\/div>\n\t\t\t\t<\/div>\n\t\t\t\t\t<\/div>\n\t\t\t\t<\/div>\n\t\t\t\t<div class=\"elementor-element elementor-element-6304d0e elementor-widget elementor-widget-heading\" data-id=\"6304d0e\" data-element_type=\"widget\" data-widget_type=\"heading.default\">\n\t\t\t\t<div class=\"elementor-widget-container\">\n\t\t\t\t\t<h2 class=\"elementor-heading-title elementor-size-default\">Reliability &amp; Trust<\/h2>\t\t\t\t<\/div>\n\t\t\t\t<\/div>\n\t\t\t\t<div class=\"elementor-element elementor-element-b94e8fa elementor-widget elementor-widget-text-editor\" data-id=\"b94e8fa\" data-element_type=\"widget\" data-widget_type=\"text-editor.default\">\n\t\t\t\t<div class=\"elementor-widget-container\">\n\t\t\t\t\t\t\t\t\t<p>Transparent support and a guarantee on all our work.<\/p>\t\t\t\t\t\t\t\t<\/div>\n\t\t\t\t<\/div>\n\t\t\t\t\t<\/div>\n\t\t\t\t<\/div>\n\t\t\t\t\t<\/div>\n\t\t\t\t<\/div>\n\t\t\t\t<\/div>\n\t\t\t\t\t<\/div>\n\t\t\t\t<\/div>\n\t\t\t\t<\/div>","protected":false},"excerpt":{"rendered":"<p>A propos de About Our Company Introduction Une expertise familiale depuis plus de 50 ans Une \u00e9quipe qualifi\u00e9e avec un savoir-faire \u00e9prouv\u00e9 pour des travaux de qualit\u00e9 sup\u00e9rieure. 01 Qualit\u00e9 &amp; Savoir-Faire Des mat\u00e9riaux de premier choix et une attention aux d\u00e9tails pour un rendu impeccable. 02 \u00c9quipe Exp\u00e9riment\u00e9e Plus de 50 ans d\u2019exp\u00e9rience pour [&hellip;]<\/p>","protected":false},"author":3,"featured_media":0,"parent":0,"menu_order":0,"comment_status":"closed","ping_status":"closed","template":"","meta":{"footnotes":""},"class_list":["post-1133","page","type-page","status-publish","hentry"],"yoast_head":"<!-- This site is optimized with the Yoast SEO plugin v24.3 - https:\/\/yoast.com\/wordpress\/plugins\/seo\/ -->\n<title>A propos de - Cr\u00e9Habitat Solutions<\/title>\n<meta name=\"robots\" content=\"index, follow, max-snippet:-1, max-image-preview:large, max-video-preview:-1\" \/>\n<link rel=\"canonical\" href=\"https:\/\/crehabitat-solutions.com\/en\/a-propos-de\/\" \/>\n<meta property=\"og:locale\" content=\"en_US\" \/>\n<meta property=\"og:type\" content=\"article\" \/>\n<meta property=\"og:title\" content=\"A propos de - Cr\u00e9Habitat Solutions\" \/>\n<meta property=\"og:description\" content=\"A propos de About Our Company Introduction Une expertise familiale depuis plus de 50 ans Une \u00e9quipe qualifi\u00e9e avec un savoir-faire \u00e9prouv\u00e9 pour des travaux de qualit\u00e9 sup\u00e9rieure. 01 Qualit\u00e9 &amp; Savoir-Faire Des mat\u00e9riaux de premier choix et une attention aux d\u00e9tails pour un rendu impeccable. 02 \u00c9quipe Exp\u00e9riment\u00e9e Plus de 50 ans d\u2019exp\u00e9rience pour [&hellip;]\" \/>\n<meta property=\"og:url\" content=\"https:\/\/crehabitat-solutions.com\/en\/a-propos-de\/\" \/>\n<meta property=\"og:site_name\" content=\"Cr\u00e9Habitat Solutions\" \/>\n<meta property=\"article:modified_time\" content=\"2025-02-22T09:26:59+00:00\" \/>\n<meta property=\"og:image\" content=\"http:\/\/crehabitat-solutions.com\/wp-content\/uploads\/2025\/02\/About.jpg\" \/>\n<meta name=\"twitter:card\" content=\"summary_large_image\" \/>\n<meta name=\"twitter:label1\" content=\"Est. reading time\" \/>\n\t<meta name=\"twitter:data1\" content=\"1 minute\" \/>\n<script type=\"application\/ld+json\" class=\"yoast-schema-graph\">{\"@context\":\"https:\/\/schema.org\",\"@graph\":[{\"@type\":\"WebPage\",\"@id\":\"https:\/\/crehabitat-solutions.com\/a-propos-de\/\",\"url\":\"https:\/\/crehabitat-solutions.com\/a-propos-de\/\",\"name\":\"A propos de - Cr\u00e9Habitat Solutions\",\"isPartOf\":{\"@id\":\"https:\/\/crehabitat-solutions.com\/#website\"},\"primaryImageOfPage\":{\"@id\":\"https:\/\/crehabitat-solutions.com\/a-propos-de\/#primaryimage\"},\"image\":{\"@id\":\"https:\/\/crehabitat-solutions.com\/a-propos-de\/#primaryimage\"},\"thumbnailUrl\":\"http:\/\/crehabitat-solutions.com\/wp-content\/uploads\/2025\/02\/About.jpg\",\"datePublished\":\"2025-02-14T18:28:09+00:00\",\"dateModified\":\"2025-02-22T09:26:59+00:00\",\"breadcrumb\":{\"@id\":\"https:\/\/crehabitat-solutions.com\/a-propos-de\/#breadcrumb\"},\"inLanguage\":\"en-US\",\"potentialAction\":[{\"@type\":\"ReadAction\",\"target\":[\"https:\/\/crehabitat-solutions.com\/a-propos-de\/\"]}]},{\"@type\":\"ImageObject\",\"inLanguage\":\"en-US\",\"@id\":\"https:\/\/crehabitat-solutions.com\/a-propos-de\/#primaryimage\",\"url\":\"http:\/\/crehabitat-solutions.com\/wp-content\/uploads\/2025\/02\/About.jpg\",\"contentUrl\":\"http:\/\/crehabitat-solutions.com\/wp-content\/uploads\/2025\/02\/About.jpg\"},{\"@type\":\"BreadcrumbList\",\"@id\":\"https:\/\/crehabitat-solutions.com\/a-propos-de\/#breadcrumb\",\"itemListElement\":[{\"@type\":\"ListItem\",\"position\":1,\"name\":\"Accueil\",\"item\":\"https:\/\/crehabitat-solutions.com\/\"},{\"@type\":\"ListItem\",\"position\":2,\"name\":\"A propos de\"}]},{\"@type\":\"WebSite\",\"@id\":\"https:\/\/crehabitat-solutions.com\/#website\",\"url\":\"https:\/\/crehabitat-solutions.com\/\",\"name\":\"Cr\u00e9Habitat Solutions\",\"description\":\"Cr\u00e9Habitat, expert en construction, r\u00e9novation, extension et am\u00e9nagement sur mesure.\",\"potentialAction\":[{\"@type\":\"SearchAction\",\"target\":{\"@type\":\"EntryPoint\",\"urlTemplate\":\"https:\/\/crehabitat-solutions.com\/?s={search_term_string}\"},\"query-input\":{\"@type\":\"PropertyValueSpecification\",\"valueRequired\":true,\"valueName\":\"search_term_string\"}}],\"inLanguage\":\"en-US\"}]}<\/script>\n<!-- \/ Yoast SEO plugin. -->","yoast_head_json":{"title":"A propos de - Cr\u00e9Habitat Solutions","robots":{"index":"index","follow":"follow","max-snippet":"max-snippet:-1","max-image-preview":"max-image-preview:large","max-video-preview":"max-video-preview:-1"},"canonical":"https:\/\/crehabitat-solutions.com\/en\/a-propos-de\/","og_locale":"en_US","og_type":"article","og_title":"A propos de - Cr\u00e9Habitat Solutions","og_description":"A propos de About Our Company Introduction Une expertise familiale depuis plus de 50 ans Une \u00e9quipe qualifi\u00e9e avec un savoir-faire \u00e9prouv\u00e9 pour des travaux de qualit\u00e9 sup\u00e9rieure. 01 Qualit\u00e9 &amp; Savoir-Faire Des mat\u00e9riaux de premier choix et une attention aux d\u00e9tails pour un rendu impeccable. 02 \u00c9quipe Exp\u00e9riment\u00e9e Plus de 50 ans d\u2019exp\u00e9rience pour [&hellip;]","og_url":"https:\/\/crehabitat-solutions.com\/en\/a-propos-de\/","og_site_name":"Cr\u00e9Habitat Solutions","article_modified_time":"2025-02-22T09:26:59+00:00","og_image":[{"url":"http:\/\/crehabitat-solutions.com\/wp-content\/uploads\/2025\/02\/About.jpg","type":"","width":"","height":""}],"twitter_card":"summary_large_image","twitter_misc":{"Est. reading time":"1 minute"},"schema":{"@context":"https:\/\/schema.org","@graph":[{"@type":"WebPage","@id":"https:\/\/crehabitat-solutions.com\/a-propos-de\/","url":"https:\/\/crehabitat-solutions.com\/a-propos-de\/","name":"A propos de - Cr\u00e9Habitat Solutions","isPartOf":{"@id":"https:\/\/crehabitat-solutions.com\/#website"},"primaryImageOfPage":{"@id":"https:\/\/crehabitat-solutions.com\/a-propos-de\/#primaryimage"},"image":{"@id":"https:\/\/crehabitat-solutions.com\/a-propos-de\/#primaryimage"},"thumbnailUrl":"http:\/\/crehabitat-solutions.com\/wp-content\/uploads\/2025\/02\/About.jpg","datePublished":"2025-02-14T18:28:09+00:00","dateModified":"2025-02-22T09:26:59+00:00","breadcrumb":{"@id":"https:\/\/crehabitat-solutions.com\/a-propos-de\/#breadcrumb"},"inLanguage":"en-US","potentialAction":[{"@type":"ReadAction","target":["https:\/\/crehabitat-solutions.com\/a-propos-de\/"]}]},{"@type":"ImageObject","inLanguage":"en-US","@id":"https:\/\/crehabitat-solutions.com\/a-propos-de\/#primaryimage","url":"http:\/\/crehabitat-solutions.com\/wp-content\/uploads\/2025\/02\/About.jpg","contentUrl":"http:\/\/crehabitat-solutions.com\/wp-content\/uploads\/2025\/02\/About.jpg"},{"@type":"BreadcrumbList","@id":"https:\/\/crehabitat-solutions.com\/a-propos-de\/#breadcrumb","itemListElement":[{"@type":"ListItem","position":1,"name":"Accueil","item":"https:\/\/crehabitat-solutions.com\/"},{"@type":"ListItem","position":2,"name":"A propos de"}]},{"@type":"WebSite","@id":"https:\/\/crehabitat-solutions.com\/#website","url":"https:\/\/crehabitat-solutions.com\/","name":"Cr\u00e9Habitat Solutions","description":"Cr\u00e9Habitat, expert en construction, r\u00e9novation, extension et am\u00e9nagement sur mesure.","potentialAction":[{"@type":"SearchAction","target":{"@type":"EntryPoint","urlTemplate":"https:\/\/crehabitat-solutions.com\/?s={search_term_string}"},"query-input":{"@type":"PropertyValueSpecification","valueRequired":true,"valueName":"search_term_string"}}],"inLanguage":"en-US"}]}},"_links":{"self":[{"href":"https:\/\/crehabitat-solutions.com\/en\/wp-json\/wp\/v2\/pages\/1133","targetHints":{"allow":["GET"]}}],"collection":[{"href":"https:\/\/crehabitat-solutions.com\/en\/wp-json\/wp\/v2\/pages"}],"about":[{"href":"https:\/\/crehabitat-solutions.com\/en\/wp-json\/wp\/v2\/types\/page"}],"author":[{"embeddable":true,"href":"https:\/\/crehabitat-solutions.com\/en\/wp-json\/wp\/v2\/users\/3"}],"replies":[{"embeddable":true,"href":"https:\/\/crehabitat-solutions.com\/en\/wp-json\/wp\/v2\/comments?post=1133"}],"version-history":[{"count":29,"href":"https:\/\/crehabitat-solutions.com\/en\/wp-json\/wp\/v2\/pages\/1133\/revisions"}],"predecessor-version":[{"id":1467,"href":"https:\/\/crehabitat-solutions.com\/en\/wp-json\/wp\/v2\/pages\/1133\/revisions\/1467"}],"wp:attachment":[{"href":"https:\/\/crehabitat-solutions.com\/en\/wp-json\/wp\/v2\/media?parent=1133"}],"curies":[{"name":"wp","href":"https:\/\/api.w.org\/{rel}","templated":true}]}}